{"id":392,"date":"2025-08-02T13:15:37","date_gmt":"2025-08-02T11:15:37","guid":{"rendered":"https:\/\/luxuryblueprintestates.com\/?page_id=392"},"modified":"2025-10-30T23:49:39","modified_gmt":"2025-10-30T22:49:39","slug":"aviso-legal","status":"publish","type":"page","link":"https:\/\/luxuryblueprintestates.com\/nb\/aviso-legal\/","title":{"rendered":"juridiske merknader"},"content":{"rendered":"<div data-elementor-type=\"wp-page\" data-elementor-id=\"392\" class=\"elementor elementor-392\" data-elementor-post-type=\"page\">\n\t\t\t\t\t\t<section class=\"elementor-section elementor-top-section elementor-element elementor-element-012f979 elementor-section-stretched elementor-section-height-min-height elementor-section-boxed elementor-section-height-default elementor-section-items-middle\" data-id=\"012f979\" data-element_type=\"section\" data-e-type=\"section\" data-settings=\"{&quot;stretch_section&quot;:&quot;section-stretched&quot;,&quot;background_background&quot;:&quot;classic&quot;}\">\n\t\t\t\t\t\t\t<div class=\"elementor-background-overlay\"><\/div>\n\t\t\t\t\t\t\t<div class=\"elementor-container elementor-column-gap-default\">\n\t\t\t\t\t<div class=\"elementor-column elementor-col-100 elementor-top-column elementor-element elementor-element-cb816d2\" data-id=\"cb816d2\" data-element_type=\"column\" data-e-type=\"column\">\n\t\t\t<div class=\"elementor-widget-wrap elementor-element-populated\">\n\t\t\t\t\t\t<div class=\"elementor-element elementor-element-684a9d4 elementor-invisible elementor-widget elementor-widget-heading\" data-id=\"684a9d4\" data-element_type=\"widget\" data-e-type=\"widget\" data-settings=\"{&quot;_animation&quot;:&quot;fadeInUp&quot;}\" data-widget_type=\"heading.default\">\n\t\t\t\t\t<h1 class=\"elementor-heading-title elementor-size-default\">Juridiske merknader<\/h1>\t\t\t\t<\/div>\n\t\t\t\t\t<\/div>\n\t\t<\/div>\n\t\t\t\t\t<\/div>\n\t\t<\/section>\n\t\t<div class=\"elementor-element elementor-element-8b7f547 e-flex e-con-boxed e-con e-parent\" data-id=\"8b7f547\" data-element_type=\"container\" data-e-type=\"container\">\n\t\t\t\t\t<div class=\"e-con-inner\">\n\t\t\t\t<div class=\"elementor-element elementor-element-a04aa6e elementor-widget elementor-widget-text-editor\" data-id=\"a04aa6e\" data-element_type=\"widget\" data-e-type=\"widget\" data-widget_type=\"text-editor.default\">\n\t\t\t\t\t\t\t\t\t<p><strong>Datos identificativos<\/strong><\/p><p>I samsvar med rapporteringskrav som finnes i artikkel 10 i Lov 34\/2002, 11. juli, p\u00e5 Tjenester av informasjonssamfunnet og Elektronisk Handel, nedenfor er generell informasjon data av nettstedet \"luxuryblueprintstates\" og utsett skatt informasjon om selskapet, som er ansvarlig for utnyttelse:<\/p><p><strong> San Pedro del Pinatar <br \/>Valle de Aran 30 3074<\/strong><strong>,\u00a0<\/strong>desde ahora\u00a0<strong>La Empresa.<\/strong><\/p><p><strong>Objeto del Aviso Legal:<\/strong><\/p><p>El Aviso Legal regula las condiciones, el acceso y la utilizaci\u00f3n del sitio Web, sus contenidos y servicios, de pago o gratuitos, puestos a disposici\u00f3n de los Usuarios; y la pol\u00edtica de reservas de\u00a0<strong>La Empresa<\/strong>\u00a0con sus Clientes.<\/p><p><strong>Protecci\u00f3n de datos<\/strong><\/p><p>De conformidad con lo dispuesto en el Art. 5 y 6 de la Ley Org\u00e1nica 15\/1999 de Protecci\u00f3n de Datos de Car\u00e1cter Personal, as\u00ed como en los art\u00edculos 12, 14 y 18 del R.D. 1720\/2007 de 21 de diciembre, le informamos que los datos suministrados pasar\u00e1n a formar parte del fichero de\u00a0<strong>La Empresa<\/strong>, inscrito en la Agencia Espa\u00f1ola de Protecci\u00f3n de Datos (AEPD) con el c\u00f3digo (n\u00famero de identificaci\u00f3n Protecci\u00f3n de Datos), autorizando expresamente que los mismos sean objeto de tratamiento para atender su solicitud, consulta y\/o reserva. As\u00ed mismo, queda informado de la posibilidad de ejercer sus derechos de acceso, rectificaci\u00f3n, cancelaci\u00f3n y oposici\u00f3n (previstos en los art\u00edculos 15, 16 y 17 de la LOPD, as\u00ed como en los art\u00edculos 23 a 36 ambos inclusive del R.D. 1720\/2007 de 21 de diciembre) por medio de comunicaci\u00f3n a la siguiente direcci\u00f3n de correo electr\u00f3nico (e-mail). Tambi\u00e9n mediante carta dirigida a la direcci\u00f3n arriba indicada.<\/p><p><strong>Propiedad intelectual:<\/strong><\/p><p>La informaci\u00f3n y los contenidos que se recogen en el presente sitio Web, as\u00ed como el c\u00f3digo fuente, los dise\u00f1os gr\u00e1ficos, las im\u00e1genes, las fotograf\u00edas, el software y los textos, est\u00e1n protegidos por la legislaci\u00f3n espa\u00f1ola sobre los derechos de propiedad intelectual e industrial a favor de\u00a0<strong>La Empresa<\/strong>\u00a0y no se permite la reproducci\u00f3n y\/o publicaci\u00f3n, total o parcial, del sitio Web, ni su tratamiento inform\u00e1tico, su distribuci\u00f3n, su difusi\u00f3n, su modificaci\u00f3n, su transformaci\u00f3n ni dem\u00e1s derechos reconocidos legalmente a su titular, sin el permiso previo y por escrito del mismo. Todos los derechos derivados de la propiedad intelectual est\u00e1n expresamente reservados por\u00a0<strong>La Empresa<\/strong>. El Usuario, \u00fanica y exclusivamente, puede utilizar el material que aparezca en este sitio web para su uso personal y privado, quedando prohibido su uso con fines comerciales o para incurrir en actividades il\u00edcitas.<\/p><p><strong>Exclusi\u00f3n de garant\u00edas y responsabilidad:<\/strong><\/p><p><strong>La Empresa<\/strong>\u00a0no se hace responsable, en ning\u00fan caso, de los da\u00f1os y perjuicios de cualquier naturaleza que pudieran ocasionar, a t\u00edtulo enunciativo: errores u omisiones en los contenidos, falta de disponibilidad del portal o la transmisi\u00f3n de virus o programas maliciosos o lesivos en los contenidos, a pesar de haber adoptado todas las medidas tecnol\u00f3gicas necesarias para evitarlo.<\/p><p><strong>Endringer<\/strong><\/p><p><strong>La Empresa<\/strong>\u00a0se reserva el derecho de efectuar sin previo aviso las modificaciones que considere oportunas en su sitio Web, pudiendo cambiar, suprimir o a\u00f1adir tanto los contenidos y servicios que se presten a trav\u00e9s de la misma como la forma en la que \u00e9stos aparezcan presentados o localizados en su sitio Web.<\/p><p><strong>V\u00ednculos a Terceros:<\/strong><\/p><p>En el caso de v\u00ednculos a sitios webs de terceros, el Usuario pasar\u00e1 a estar regido por los T\u00e9rminos de Uso y Pol\u00edtica de Privacidad del nuevo sitio.\u00a0<strong>La Empresa<\/strong>\u00a0no ser\u00e1 responsable ni tendr\u00e1 obligaci\u00f3n legal por el uso de tales sitios.<\/p><p><strong>Generalidades<\/strong><\/p><p><strong>La Empresa<\/strong>\u00a0no realizar\u00e1 publicidad enga\u00f1osa a trav\u00e9s de su sitio Web. A estos efectos, por lo tanto, no ser\u00e1n considerados como publicidad enga\u00f1osa los errores formales o num\u00e9ricos que puedan encontrarse a lo largo del contenido de las distintas secciones del sitio web producidos como consecuencia de un mantenimiento y\/o actualizaci\u00f3n incompleta o defectuosa de la informaci\u00f3n contenida es estas secciones.\u00a0<strong>La Empresa<\/strong>, como consecuencia de lo dispuesto en este apartado, se compromete a corregirlo tan pronto como tenga conocimiento de dichos errores.\u00a0<strong>La Empresa<\/strong>\u00a0no se hace responsable del incumplimiento de cualquier norma aplicable en que pueda incurrir el Usuario en su acceso al sitio Web y\/o en el uso de las informaciones contenidas en el mismo.<\/p><p><strong>Servicios de Reserva on-line<\/strong><\/p><p>El servicio de reserva on-line tiene por finalidad la posibilidad de reservar habitaciones en las fechas deseadas en\u00a0<strong>La Empresa<\/strong>. La utilizaci\u00f3n de este servicio conlleva la aceptaci\u00f3n de estas condiciones generales y la de todos los t\u00e9rminos y condiciones recogidos por\u00a0<strong>La Empresa<\/strong>.<\/p><p><strong>Legislaci\u00f3n aplicable y Jurisdicci\u00f3n:<\/strong><\/p><p>Las partes, con renuncia a su fuero propio, si ello fuera posible, se someten a los Juzgados y Tribunales de la provincia de\u00a0<strong>La Empresa<\/strong>. La Ley aplicable ser\u00e1 la espa\u00f1ola.<\/p><p>\u00daltima modificaci\u00f3n: Noviembre 2025<\/p>\t\t\t\t\t\t\t\t<\/div>\n\t\t\t\t\t<\/div>\n\t\t\t\t<\/div>\n\t\t\t\t<\/div>","protected":false},"excerpt":{"rendered":"<p>Juridisk merknad identifiserende Data I samsvar med rapporteringskrav som finnes i artikkel 10 i Lov 34\/2002, 11. juli, p\u00e5 Tjenester av informasjonssamfunnet og Elektronisk Handel, nedenfor er generell informasjon data av nettstedet \"luxuryblueprintstates\" og utsatt skatt data ... <a title=\"juridiske merknader\" class=\"read-more\" href=\"https:\/\/luxuryblueprintestates.com\/nb\/aviso-legal\/\" aria-label=\"Read more about aviso legal\">Leer m\u00e1s<\/a><\/p>","protected":false},"author":1,"featured_media":0,"parent":0,"menu_order":0,"comment_status":"closed","ping_status":"closed","template":"","meta":{"_acf_changed":false,"footnotes":""},"class_list":["post-392","page","type-page","status-publish"],"acf":[],"yoast_head":"<!-- This site is optimized with the Yoast SEO plugin v26.9 - https:\/\/yoast.com\/product\/yoast-seo-wordpress\/ -->\n<title>aviso legal - luxuryblueprintestates.com<\/title>\n<meta name=\"robots\" content=\"index, follow, max-snippet:-1, max-image-preview:large, max-video-preview:-1\" \/>\n<link rel=\"canonical\" href=\"https:\/\/luxuryblueprintestates.com\/nb\/aviso-legal\/\" \/>\n<meta property=\"og:locale\" content=\"nb_NO\" \/>\n<meta property=\"og:type\" content=\"article\" \/>\n<meta property=\"og:title\" content=\"aviso legal - luxuryblueprintestates.com\" \/>\n<meta property=\"og:description\" content=\"Aviso legal Datos identificativos En cumplimiento con el deber de informaci\u00f3n recogido en el art\u00edculo 10 de la Ley 34\/2002, de 11 de julio, de Servicios de la Sociedad de la Informaci\u00f3n y del Comercio Electr\u00f3nico, a continuaci\u00f3n se indican los datos de informaci\u00f3n general del sitio Web &#8220;luxuryblueprintstates&#8221;\u00a0 y se exponen los datos fiscales ... Leer m\u00e1s\" \/>\n<meta property=\"og:url\" content=\"https:\/\/luxuryblueprintestates.com\/nb\/aviso-legal\/\" \/>\n<meta property=\"og:site_name\" content=\"luxuryblueprintestates.com\" \/>\n<meta property=\"article:modified_time\" content=\"2025-10-30T22:49:39+00:00\" \/>\n<meta name=\"twitter:card\" content=\"summary_large_image\" \/>\n<meta name=\"twitter:label1\" content=\"Ansl. lesetid\" \/>\n\t<meta name=\"twitter:data1\" content=\"4 minutter\" \/>\n<script type=\"application\/ld+json\" class=\"yoast-schema-graph\">{\"@context\":\"https:\/\/schema.org\",\"@graph\":[{\"@type\":\"WebPage\",\"@id\":\"https:\/\/luxuryblueprintestates.com\/aviso-legal\/\",\"url\":\"https:\/\/luxuryblueprintestates.com\/aviso-legal\/\",\"name\":\"aviso legal - luxuryblueprintestates.com\",\"isPartOf\":{\"@id\":\"https:\/\/luxuryblueprintestates.com\/#website\"},\"datePublished\":\"2025-08-02T11:15:37+00:00\",\"dateModified\":\"2025-10-30T22:49:39+00:00\",\"breadcrumb\":{\"@id\":\"https:\/\/luxuryblueprintestates.com\/aviso-legal\/#breadcrumb\"},\"inLanguage\":\"nb-NO\",\"potentialAction\":[{\"@type\":\"ReadAction\",\"target\":[\"https:\/\/luxuryblueprintestates.com\/aviso-legal\/\"]}]},{\"@type\":\"BreadcrumbList\",\"@id\":\"https:\/\/luxuryblueprintestates.com\/aviso-legal\/#breadcrumb\",\"itemListElement\":[{\"@type\":\"ListItem\",\"position\":1,\"name\":\"Portada\",\"item\":\"https:\/\/luxuryblueprintestates.com\/\"},{\"@type\":\"ListItem\",\"position\":2,\"name\":\"aviso legal\"}]},{\"@type\":\"WebSite\",\"@id\":\"https:\/\/luxuryblueprintestates.com\/#website\",\"url\":\"https:\/\/luxuryblueprintestates.com\/\",\"name\":\"luxury blueprint states\",\"description\":\"\",\"publisher\":{\"@id\":\"https:\/\/luxuryblueprintestates.com\/#organization\"},\"potentialAction\":[{\"@type\":\"SearchAction\",\"target\":{\"@type\":\"EntryPoint\",\"urlTemplate\":\"https:\/\/luxuryblueprintestates.com\/?s={search_term_string}\"},\"query-input\":{\"@type\":\"PropertyValueSpecification\",\"valueRequired\":true,\"valueName\":\"search_term_string\"}}],\"inLanguage\":\"nb-NO\"},{\"@type\":\"Organization\",\"@id\":\"https:\/\/luxuryblueprintestates.com\/#organization\",\"name\":\"cividental.loadingweb\",\"url\":\"https:\/\/luxuryblueprintestates.com\/\",\"logo\":{\"@type\":\"ImageObject\",\"inLanguage\":\"nb-NO\",\"@id\":\"https:\/\/luxuryblueprintestates.com\/#\/schema\/logo\/image\/\",\"url\":\"\",\"contentUrl\":\"\",\"caption\":\"cividental.loadingweb\"},\"image\":{\"@id\":\"https:\/\/luxuryblueprintestates.com\/#\/schema\/logo\/image\/\"}}]}<\/script>\n<!-- \/ Yoast SEO plugin. -->","yoast_head_json":{"title":"aviso legal - luxuryblueprintestates.com","robots":{"index":"index","follow":"follow","max-snippet":"max-snippet:-1","max-image-preview":"max-image-preview:large","max-video-preview":"max-video-preview:-1"},"canonical":"https:\/\/luxuryblueprintestates.com\/nb\/aviso-legal\/","og_locale":"nb_NO","og_type":"article","og_title":"aviso legal - luxuryblueprintestates.com","og_description":"Aviso legal Datos identificativos En cumplimiento con el deber de informaci\u00f3n recogido en el art\u00edculo 10 de la Ley 34\/2002, de 11 de julio, de Servicios de la Sociedad de la Informaci\u00f3n y del Comercio Electr\u00f3nico, a continuaci\u00f3n se indican los datos de informaci\u00f3n general del sitio Web &#8220;luxuryblueprintstates&#8221;\u00a0 y se exponen los datos fiscales ... Leer m\u00e1s","og_url":"https:\/\/luxuryblueprintestates.com\/nb\/aviso-legal\/","og_site_name":"luxuryblueprintestates.com","article_modified_time":"2025-10-30T22:49:39+00:00","twitter_card":"summary_large_image","twitter_misc":{"Ansl. lesetid":"4 minutter"},"schema":{"@context":"https:\/\/schema.org","@graph":[{"@type":"WebPage","@id":"https:\/\/luxuryblueprintestates.com\/aviso-legal\/","url":"https:\/\/luxuryblueprintestates.com\/aviso-legal\/","name":"aviso legal - luxuryblueprintestates.com","isPartOf":{"@id":"https:\/\/luxuryblueprintestates.com\/#website"},"datePublished":"2025-08-02T11:15:37+00:00","dateModified":"2025-10-30T22:49:39+00:00","breadcrumb":{"@id":"https:\/\/luxuryblueprintestates.com\/aviso-legal\/#breadcrumb"},"inLanguage":"nb-NO","potentialAction":[{"@type":"ReadAction","target":["https:\/\/luxuryblueprintestates.com\/aviso-legal\/"]}]},{"@type":"BreadcrumbList","@id":"https:\/\/luxuryblueprintestates.com\/aviso-legal\/#breadcrumb","itemListElement":[{"@type":"ListItem","position":1,"name":"Portada","item":"https:\/\/luxuryblueprintestates.com\/"},{"@type":"ListItem","position":2,"name":"aviso legal"}]},{"@type":"WebSite","@id":"https:\/\/luxuryblueprintestates.com\/#website","url":"https:\/\/luxuryblueprintestates.com\/","name":"luxury blueprint states","description":"","publisher":{"@id":"https:\/\/luxuryblueprintestates.com\/#organization"},"potentialAction":[{"@type":"SearchAction","target":{"@type":"EntryPoint","urlTemplate":"https:\/\/luxuryblueprintestates.com\/?s={search_term_string}"},"query-input":{"@type":"PropertyValueSpecification","valueRequired":true,"valueName":"search_term_string"}}],"inLanguage":"nb-NO"},{"@type":"Organization","@id":"https:\/\/luxuryblueprintestates.com\/#organization","name":"cividental.loadingweb","url":"https:\/\/luxuryblueprintestates.com\/","logo":{"@type":"ImageObject","inLanguage":"nb-NO","@id":"https:\/\/luxuryblueprintestates.com\/#\/schema\/logo\/image\/","url":"","contentUrl":"","caption":"cividental.loadingweb"},"image":{"@id":"https:\/\/luxuryblueprintestates.com\/#\/schema\/logo\/image\/"}}]}},"_links":{"self":[{"href":"https:\/\/luxuryblueprintestates.com\/nb\/wp-json\/wp\/v2\/pages\/392","targetHints":{"allow":["GET"]}}],"collection":[{"href":"https:\/\/luxuryblueprintestates.com\/nb\/wp-json\/wp\/v2\/pages"}],"about":[{"href":"https:\/\/luxuryblueprintestates.com\/nb\/wp-json\/wp\/v2\/types\/page"}],"author":[{"embeddable":true,"href":"https:\/\/luxuryblueprintestates.com\/nb\/wp-json\/wp\/v2\/users\/1"}],"replies":[{"embeddable":true,"href":"https:\/\/luxuryblueprintestates.com\/nb\/wp-json\/wp\/v2\/comments?post=392"}],"version-history":[{"count":23,"href":"https:\/\/luxuryblueprintestates.com\/nb\/wp-json\/wp\/v2\/pages\/392\/revisions"}],"predecessor-version":[{"id":5577,"href":"https:\/\/luxuryblueprintestates.com\/nb\/wp-json\/wp\/v2\/pages\/392\/revisions\/5577"}],"wp:attachment":[{"href":"https:\/\/luxuryblueprintestates.com\/nb\/wp-json\/wp\/v2\/media?parent=392"}],"curies":[{"name":"wp","href":"https:\/\/api.w.org\/{rel}","templated":true}]}}